{"id":11,"date":"2024-11-06T21:00:46","date_gmt":"2024-11-06T21:00:46","guid":{"rendered":"https:\/\/test2.cafelavache.com\/om\/"},"modified":"2025-03-12T17:02:35","modified_gmt":"2025-03-12T17:02:35","slug":"om","status":"publish","type":"page","link":"https:\/\/cafelavache.com\/en\/om\/","title":{"rendered":"About us"},"content":{"rendered":"<div class=\"wp-block-group alignfull has-background-background-color has-background has-global-padding is-layout-constrained wp-container-core-group-is-layout-832022f9 wp-block-group-is-layout-constrained\" style=\"margin-top:0;margin-bottom:0;padding-top:0;padding-right:0;padding-bottom:0;padding-left:0\">\n<div class=\"wp-block-cover alignfull\" style=\"padding-top:0;padding-right:var(--wp--preset--spacing--30);padding-bottom:0;padding-left:var(--wp--preset--spacing--30);min-height:50px;aspect-ratio:unset;\"><span aria-hidden=\"true\" class=\"wp-block-cover__background has-black-background-color has-background-dim-60 has-background-dim\"><\/span><img loading=\"lazy\" decoding=\"async\" width=\"1280\" height=\"1920\" class=\"wp-block-cover__image-background wp-image-48\" alt=\"\" src=\"https:\/\/cafelavache.com\/wp-content\/uploads\/2024\/11\/fec0f50340d3cbf237edccc1f4ba92dd9207187b.jpg\" data-object-fit=\"cover\" srcset=\"https:\/\/cafelavache.com\/wp-content\/uploads\/2024\/11\/fec0f50340d3cbf237edccc1f4ba92dd9207187b.jpg 1280w, https:\/\/cafelavache.com\/wp-content\/uploads\/2024\/11\/fec0f50340d3cbf237edccc1f4ba92dd9207187b-200x300.jpg 200w, https:\/\/cafelavache.com\/wp-content\/uploads\/2024\/11\/fec0f50340d3cbf237edccc1f4ba92dd9207187b-683x1024.jpg 683w, https:\/\/cafelavache.com\/wp-content\/uploads\/2024\/11\/fec0f50340d3cbf237edccc1f4ba92dd9207187b-768x1152.jpg 768w, https:\/\/cafelavache.com\/wp-content\/uploads\/2024\/11\/fec0f50340d3cbf237edccc1f4ba92dd9207187b-1024x1536.jpg 1024w\" sizes=\"auto, (max-width: 1280px) 100vw, 1280px\" \/><div class=\"wp-block-cover__inner-container is-layout-flow wp-block-cover-is-layout-flow\">\n<div class=\"wp-block-group has-global-padding is-layout-constrained wp-block-group-is-layout-constrained\" style=\"padding-top:var(--wp--preset--spacing--60);padding-bottom:var(--wp--preset--spacing--60)\">\n<div class=\"wp-block-group alignwide has-global-padding is-content-justification-left is-layout-constrained wp-container-core-group-is-layout-12dd3699 wp-block-group-is-layout-constrained\">\n<h1 class=\"wp-block-heading has-text-color has-x-large-font-size\" style=\"color:#fffffffc\">Caf\u00e9 La Vache \u2013 Lule\u00e5's pearl<\/h1>\n\n\n\n<p class=\"has-text-color\" style=\"color:#fffffffc;margin-top:16px\">Welcome to Caf\u00e9 La Vache \u2013 Lule\u00e5's most inviting caf\u00e9 with unique taste experiences and quality coffee.<\/p>\n<\/div>\n<\/div>\n<\/div><\/div>\n<\/div>\n\n\n\n<div class=\"wp-block-group has-global-padding is-layout-constrained wp-block-group-is-layout-constrained\">\n<p class=\"has-text-align-left\">We who run Caf\u00e9 La Vache are Fredrik Johansson and Mikael Lindbom. <br>In 2020, we took over the caf\u00e9 on the corner, with a vision to create a warm and inviting place where everyone should feel at home. With our passion for good food and drink, we strive to offer a unique experience where quality and<br>Care goes hand in hand. <br>We welcome our guests with a diverse selection of delicious pastries, top-quality coffee and a homely atmosphere. Our goal is to make every visit special, whether it's a quick coffee or a leisurely lunch with friends. <br>Please come by and experience Caf\u00e9 La Vache!<\/p>\n<\/div>\n\n\n\n<div class=\"wp-block-group has-global-padding is-layout-constrained wp-block-group-is-layout-constrained\">\n<figure class=\"wp-block-image size-large\"><img loading=\"lazy\" decoding=\"async\" width=\"1024\" height=\"683\" src=\"https:\/\/cafelavache.com\/wp-content\/uploads\/2024\/11\/insidess-1-1024x683.jpg\" alt=\"\" class=\"wp-image-74\" style=\"object-fit:cover\" srcset=\"https:\/\/cafelavache.com\/wp-content\/uploads\/2024\/11\/insidess-1-1024x683.jpg 1024w, https:\/\/cafelavache.com\/wp-content\/uploads\/2024\/11\/insidess-1-300x200.jpg 300w, https:\/\/cafelavache.com\/wp-content\/uploads\/2024\/11\/insidess-1-768x512.jpg 768w, https:\/\/cafelavache.com\/wp-content\/uploads\/2024\/11\/insidess-1-1536x1024.jpg 1536w, https:\/\/cafelavache.com\/wp-content\/uploads\/2024\/11\/insidess-1-2048x1365.jpg 2048w\" sizes=\"auto, (max-width: 1024px) 100vw, 1024px\" \/><\/figure>\n<\/div>","protected":false},"excerpt":{"rendered":"<p>Vi som driver Caf\u00e9 La Vache heter Fredrik Johansson och Mikael Lindbom. \u00c5r 2020 tog vi \u00f6ver kaf\u00e9et p\u00e5 h\u00f6rnet, med en vision att skapa en varm och inbjudande plats d\u00e4r alla ska k\u00e4nna sig som hemma. Med v\u00e5r passion f\u00f6r god mat och dryck str\u00e4var vi efter att erbjuda en unik upplevelse d\u00e4r kvalitet [&hellip;]<\/p>","protected":false},"author":1,"featured_media":0,"parent":0,"menu_order":0,"comment_status":"closed","ping_status":"closed","template":"no-title","meta":{"_monsterinsights_skip_tracking":false,"_monsterinsights_sitenote_active":false,"_monsterinsights_sitenote_note":"","_monsterinsights_sitenote_category":0,"footnotes":""},"class_list":["post-11","page","type-page","status-publish","hentry"],"aioseo_notices":[],"_links":{"self":[{"href":"https:\/\/cafelavache.com\/en\/wp-json\/wp\/v2\/pages\/11","targetHints":{"allow":["GET"]}}],"collection":[{"href":"https:\/\/cafelavache.com\/en\/wp-json\/wp\/v2\/pages"}],"about":[{"href":"https:\/\/cafelavache.com\/en\/wp-json\/wp\/v2\/types\/page"}],"author":[{"embeddable":true,"href":"https:\/\/cafelavache.com\/en\/wp-json\/wp\/v2\/users\/1"}],"replies":[{"embeddable":true,"href":"https:\/\/cafelavache.com\/en\/wp-json\/wp\/v2\/comments?post=11"}],"version-history":[{"count":5,"href":"https:\/\/cafelavache.com\/en\/wp-json\/wp\/v2\/pages\/11\/revisions"}],"predecessor-version":[{"id":122,"href":"https:\/\/cafelavache.com\/en\/wp-json\/wp\/v2\/pages\/11\/revisions\/122"}],"wp:attachment":[{"href":"https:\/\/cafelavache.com\/en\/wp-json\/wp\/v2\/media?parent=11"}],"curies":[{"name":"wp","href":"https:\/\/api.w.org\/{rel}","templated":true}]}}