{"id":13,"date":"2024-11-06T21:00:47","date_gmt":"2024-11-06T21:00:47","guid":{"rendered":"https:\/\/test2.cafelavache.com\/galleri\/"},"modified":"2025-08-28T02:40:18","modified_gmt":"2025-08-28T02:40:18","slug":"galleri","status":"publish","type":"page","link":"https:\/\/cafelavache.com\/en\/galleri\/","title":{"rendered":"Kaf\u00e9 F\u00e4gnan"},"content":{"rendered":"<div class=\"wp-block-group alignfull has-background-background-color has-background has-global-padding is-layout-constrained wp-container-core-group-is-layout-832022f9 wp-block-group-is-layout-constrained\" style=\"margin-top:0;margin-bottom:0;padding-top:0;padding-right:0;padding-bottom:0;padding-left:0\">\n<div class=\"wp-block-cover alignfull\" style=\"padding-top:0;padding-right:var(--wp--preset--spacing--30);padding-bottom:0;padding-left:var(--wp--preset--spacing--30);min-height:50px;aspect-ratio:unset;\"><img loading=\"lazy\" decoding=\"async\" width=\"1280\" height=\"1920\" class=\"wp-block-cover__image-background wp-image-48\" alt=\"\" src=\"https:\/\/cafelavache.com\/wp-content\/uploads\/2024\/11\/fec0f50340d3cbf237edccc1f4ba92dd9207187b.jpg\" data-object-fit=\"cover\" srcset=\"https:\/\/cafelavache.com\/wp-content\/uploads\/2024\/11\/fec0f50340d3cbf237edccc1f4ba92dd9207187b.jpg 1280w, https:\/\/cafelavache.com\/wp-content\/uploads\/2024\/11\/fec0f50340d3cbf237edccc1f4ba92dd9207187b-200x300.jpg 200w, https:\/\/cafelavache.com\/wp-content\/uploads\/2024\/11\/fec0f50340d3cbf237edccc1f4ba92dd9207187b-683x1024.jpg 683w, https:\/\/cafelavache.com\/wp-content\/uploads\/2024\/11\/fec0f50340d3cbf237edccc1f4ba92dd9207187b-768x1152.jpg 768w, https:\/\/cafelavache.com\/wp-content\/uploads\/2024\/11\/fec0f50340d3cbf237edccc1f4ba92dd9207187b-1024x1536.jpg 1024w\" sizes=\"auto, (max-width: 1280px) 100vw, 1280px\" \/><span aria-hidden=\"true\" class=\"wp-block-cover__background has-black-background-color has-background-dim-60 has-background-dim\"><\/span><div class=\"wp-block-cover__inner-container is-layout-flow wp-block-cover-is-layout-flow\">\n<div class=\"wp-block-group has-global-padding is-layout-constrained wp-block-group-is-layout-constrained\" style=\"padding-top:var(--wp--preset--spacing--60);padding-bottom:var(--wp--preset--spacing--60)\">\n<div class=\"wp-block-group alignwide has-global-padding is-content-justification-left is-layout-constrained wp-container-core-group-is-layout-12dd3699 wp-block-group-is-layout-constrained\">\n<h1 class=\"wp-block-heading has-text-color has-x-large-font-size\" style=\"color:#fffffffc\">Caf\u00e9 La Vache at H\u00e4gnan<\/h1>\n\n\n\n<p class=\"has-text-color\" style=\"color:#fffffffc;margin-top:16px\">Alviksg\u00e5rden, also called Kaf\u00e9 F\u00e4gnan, is a timbered manor house from the 18th century.<\/p>\n\n\n\n<p class=\"has-text-color\" style=\"color:#fffffffc;margin-top:16px\">The building's function at H\u00e4gnan was originally to show how a Norrbottensg\u00e5rd could be renovated into a modern home while still retaining the old character. Today, the building has been converted into a caf\u00e9 with conference space upstairs. <\/p>\n<\/div>\n<\/div>\n<\/div><\/div>\n<\/div>\n\n\n\n<div class=\"wp-block-group alignfull has-tertiary-background-color has-background has-global-padding is-layout-constrained wp-container-core-group-is-layout-7276a2bb wp-block-group-is-layout-constrained\" id=\"galleri\" style=\"margin-top:0;margin-bottom:0;padding-top:var(--wp--preset--spacing--60);padding-right:var(--wp--preset--spacing--30);padding-bottom:var(--wp--preset--spacing--60);padding-left:var(--wp--preset--spacing--30)\">\n<div class=\"wp-block-group alignwide has-global-padding is-content-justification-left is-layout-constrained wp-container-core-group-is-layout-8b4c372c wp-block-group-is-layout-constrained\">\n<h2 class=\"wp-block-heading has-large-font-size\">Come to us at the H\u00e4gnan Open Air Museum<\/h2>\n<\/div>\n\n\n\n<div class=\"wp-block-columns alignwide is-layout-flex wp-container-core-columns-is-layout-28f84493 wp-block-columns-is-layout-flex\">\n<div class=\"wp-block-column is-layout-flow wp-container-core-column-is-layout-f5bb311e wp-block-column-is-layout-flow\">\n<figure class=\"wp-block-gallery has-nested-images columns-default is-cropped wp-block-gallery-1 is-layout-flex wp-block-gallery-is-layout-flex\">\n<figure class=\"wp-block-image size-large is-resized ext-aspect-landscape\"><img loading=\"lazy\" decoding=\"async\" width=\"629\" height=\"858\" data-id=\"24\" src=\"https:\/\/cafelavache.com\/wp-content\/uploads\/2024\/11\/fagnanskylt.png\" alt=\"\" class=\"wp-image-24\" style=\"aspect-ratio:1;object-fit:cover;width:296px;height:auto\" srcset=\"https:\/\/cafelavache.com\/wp-content\/uploads\/2024\/11\/fagnanskylt.png 629w, https:\/\/cafelavache.com\/wp-content\/uploads\/2024\/11\/fagnanskylt-220x300.png 220w\" sizes=\"auto, (max-width: 629px) 100vw, 629px\" \/><\/figure>\n\n\n\n<figure class=\"wp-block-image size-large is-resized\"><img loading=\"lazy\" decoding=\"async\" width=\"300\" height=\"375\" data-id=\"204\" src=\"https:\/\/cafelavache.com\/wp-content\/uploads\/2025\/08\/salt.jpg\" alt=\"\" class=\"wp-image-204\" style=\"width:249px;height:auto\" srcset=\"https:\/\/cafelavache.com\/wp-content\/uploads\/2025\/08\/salt.jpg 300w, https:\/\/cafelavache.com\/wp-content\/uploads\/2025\/08\/salt-240x300.jpg 240w\" sizes=\"auto, (max-width: 300px) 100vw, 300px\" \/><\/figure>\n<\/figure>\n\n\n\n<figure class=\"wp-block-image size-full is-resized\"><img loading=\"lazy\" decoding=\"async\" width=\"300\" height=\"450\" src=\"https:\/\/cafelavache.com\/wp-content\/uploads\/2025\/08\/ute-1.jpg\" alt=\"\" class=\"wp-image-205\" style=\"width:577px;height:auto\" srcset=\"https:\/\/cafelavache.com\/wp-content\/uploads\/2025\/08\/ute-1.jpg 300w, https:\/\/cafelavache.com\/wp-content\/uploads\/2025\/08\/ute-1-200x300.jpg 200w\" sizes=\"auto, (max-width: 300px) 100vw, 300px\" \/><\/figure>\n<\/div>\n\n\n\n<div class=\"wp-block-column is-layout-flow wp-container-core-column-is-layout-f5bb311e wp-block-column-is-layout-flow\">\n<figure class=\"wp-block-gallery has-nested-images columns-default is-cropped wp-block-gallery-2 is-layout-flex wp-block-gallery-is-layout-flex\"><\/figure>\n\n\n\n<figure class=\"wp-block-image size-full is-resized\"><img loading=\"lazy\" decoding=\"async\" width=\"300\" height=\"450\" src=\"https:\/\/cafelavache.com\/wp-content\/uploads\/2025\/08\/Ute-3.jpg\" alt=\"\" class=\"wp-image-212\" style=\"width:619px;height:auto\" srcset=\"https:\/\/cafelavache.com\/wp-content\/uploads\/2025\/08\/Ute-3.jpg 300w, https:\/\/cafelavache.com\/wp-content\/uploads\/2025\/08\/Ute-3-200x300.jpg 200w\" sizes=\"auto, (max-width: 300px) 100vw, 300px\" \/><\/figure>\n\n\n\n<figure class=\"wp-block-image size-full is-resized\"><img loading=\"lazy\" decoding=\"async\" width=\"300\" height=\"450\" src=\"https:\/\/cafelavache.com\/wp-content\/uploads\/2025\/08\/inne.jpg\" alt=\"\" class=\"wp-image-207\" style=\"width:353px;height:auto\" srcset=\"https:\/\/cafelavache.com\/wp-content\/uploads\/2025\/08\/inne.jpg 300w, https:\/\/cafelavache.com\/wp-content\/uploads\/2025\/08\/inne-200x300.jpg 200w\" sizes=\"auto, (max-width: 300px) 100vw, 300px\" \/><\/figure>\n<\/div>\n<\/div>\n<\/div>\n\n\n\n<div class=\"wp-block-group alignwide has-background-background-color has-background has-global-padding is-layout-constrained wp-container-core-group-is-layout-51e453e8 wp-block-group-is-layout-constrained\" id=\"om\" style=\"margin-top:0;margin-bottom:0;padding-top:var(--wp--preset--spacing--60);padding-right:var(--wp--preset--spacing--30);padding-bottom:var(--wp--preset--spacing--60);padding-left:var(--wp--preset--spacing--30)\">\n<h2 class=\"wp-block-heading has-text-align-center has-large-font-size\">Enjoy a relaxing coffee break at Caf\u00e9 F\u00e4gnan<\/h2>\n\n\n\n<p class=\"has-text-align-center\" style=\"margin-right:0px\">You will find Caf\u00e9 F\u00e4gnan located at the H\u00e4gnan Open Air Museum in Gammelstad, which makes Caf\u00e9 F\u00e4gnan a perfect place for relaxation and food experiences. During the summer season we serve homemade fika bread, waffles and light lunch dishes, all in a scenic environment. Caf\u00e9 F\u00e4gnan is open during holidays, holidays, reservations, events, theme nights and preferably together with the H\u00e4gnan Open Air Museum.<\/p>\n\n\n\n<p class=\"has-text-align-center\" style=\"margin-top:16px\"><\/p>\n<\/div>\n\n\n\n<div class=\"wp-block-group alignfull has-tertiary-background-color has-background has-global-padding is-layout-constrained wp-container-core-group-is-layout-7276a2bb wp-block-group-is-layout-constrained\" id=\"kontakt\" style=\"margin-top:0;margin-bottom:0;padding-top:var(--wp--preset--spacing--60);padding-right:var(--wp--preset--spacing--30);padding-bottom:var(--wp--preset--spacing--60);padding-left:var(--wp--preset--spacing--30)\">\n<div class=\"wp-block-columns alignwide is-layout-flex wp-container-core-columns-is-layout-fa584acd wp-block-columns-is-layout-flex\">\n<div class=\"wp-block-column is-layout-flow wp-block-column-is-layout-flow\" style=\"flex-basis:50%\">\n<div class=\"wp-block-group is-layout-flow wp-block-group-is-layout-flow\">\n<h4 class=\"wp-block-heading has-medium-font-size\">What are your opening hours?<\/h4>\n\n\n\n<p class=\"has-small-font-size\" style=\"margin-top:12px\">Our opening hours vary, during holidays we have special opening hours to see the exact times check our Instagram &amp; Facebook. <\/p>\n\n\n\n<p><strong>From June 17 to August 17 we are open every day between 11:00 and 16:00.<\/strong><\/p>\n<\/div>\n\n\n\n<hr class=\"wp-block-separator has-css-opacity has-text-color has-tertiary-color has-alpha-channel-opacity has-background-background-color has-background is-style-wide\"\/>\n\n\n\n<div class=\"wp-block-group is-layout-flow wp-block-group-is-layout-flow\">\n<h4 class=\"wp-block-heading has-medium-font-size\">Do you offer bookings for events?<\/h4>\n\n\n\n<p>Through Caf\u00e9 F\u00e4gnan you can book food, drinks and facilities for everything from weddings and baptisms to memorials or other private events. Both outdoor areas, the caf\u00e9 building and the Long Lodge are available.<\/p>\n\n\n\n<p class=\"has-text-align-left has-small-font-size\" style=\"margin-top:12px\"><a href=\"mailto:info@cafelavache.com\">Contact Kaf\u00e9 F\u00e4gnan via info@cafelavache.com for booking inquiries regarding events with food and drinks.<\/a><\/p>\n<\/div>\n<\/div>\n\n\n\n<div class=\"wp-block-column is-layout-flow wp-block-column-is-layout-flow\" style=\"flex-basis:50%\">\n<h2 class=\"wp-block-heading has-large-font-size\">Find and contact us at Caf\u00e9 F\u00e4gnan<\/h2>\n\n\n\n<p>Gamla Hamngatan 21, 954 33 Gammelstad<\/p>\n\n\n\n<p style=\"margin-top:0\"><strong>Lule\u00e5, Sverige<\/strong><\/p>\n\n\n\n<p class=\"has-small-font-size\" style=\"margin-top:8px\"><a href=\"https:\/\/www.google.com\/search?gs_ssp=eJzj4tVP1zc0TCu3jLcoKUwyYLRSNagwMTNPMzM1Mk4yTklOS0pMsTKoSDVKMkkyTjQ3NEqzBIoneokkJ6alKuQkKpQlJmcAGaU5qYeXAgBT-BfN&amp;q=cafe+la+vache+lule%C3%A5&amp;oq=cafe+la+vache+&amp;gs_lcrp=EgZjaHJvbWUqDQgBEC4YrwEYxwEYgAQyBggAEEUYOTINCAEQLhivARjHARiABDIICAIQABgWGB4yCAgDEAAYFhgeMggIBBAAGBYYHjIGCAUQRRg8MgYIBhBFGDwyBggHEEUYPNIBCDM2NjBqMGo3qAIAsAIA&amp;sourceid=chrome&amp;ie=UTF-8#\">070-055 24 24<\/a><\/p>\n\n\n\n<p class=\"has-small-font-size\" style=\"margin-top:8px\"><a href=\"mailto:info@cafelavache.com\" title=\"mailto:info@cafelavache.com\">info@cafelavache.com<\/a><\/p>\n<\/div>\n<\/div>\n<\/div>\n\n\n\n<p><\/p>","protected":false},"excerpt":{"rendered":"<p>Kom till oss vid Friluftsmuse\u00e9t H\u00e4gnan Njut av en avkopplande fikastund p\u00e5 Kaf\u00e9 F\u00e4gnan Kaf\u00e9 F\u00e4gnan hittar ni bel\u00e4get vid Friluftsmuse\u00e9t H\u00e4gnan i Gammelstad, vilket g\u00f6r att Kaf\u00e9 F\u00e4gnan \u00e4r en perfekt plats f\u00f6r avkoppling och matupplevelser. Under sommars\u00e4songen serverar vi hembakat fikabr\u00f6d, v\u00e5fflor och l\u00e4ttare lunchr\u00e4tter, allt i en natursk\u00f6n milj\u00f6. Kaf\u00e9 F\u00e4gnan h\u00e5ller [&hellip;]<\/p>","protected":false},"author":1,"featured_media":0,"parent":0,"menu_order":0,"comment_status":"closed","ping_status":"closed","template":"no-title","meta":{"_monsterinsights_skip_tracking":false,"_monsterinsights_sitenote_active":false,"_monsterinsights_sitenote_note":"","_monsterinsights_sitenote_category":0,"footnotes":""},"class_list":["post-13","page","type-page","status-publish","hentry"],"aioseo_notices":[],"_links":{"self":[{"href":"https:\/\/cafelavache.com\/en\/wp-json\/wp\/v2\/pages\/13","targetHints":{"allow":["GET"]}}],"collection":[{"href":"https:\/\/cafelavache.com\/en\/wp-json\/wp\/v2\/pages"}],"about":[{"href":"https:\/\/cafelavache.com\/en\/wp-json\/wp\/v2\/types\/page"}],"author":[{"embeddable":true,"href":"https:\/\/cafelavache.com\/en\/wp-json\/wp\/v2\/users\/1"}],"replies":[{"embeddable":true,"href":"https:\/\/cafelavache.com\/en\/wp-json\/wp\/v2\/comments?post=13"}],"version-history":[{"count":14,"href":"https:\/\/cafelavache.com\/en\/wp-json\/wp\/v2\/pages\/13\/revisions"}],"predecessor-version":[{"id":220,"href":"https:\/\/cafelavache.com\/en\/wp-json\/wp\/v2\/pages\/13\/revisions\/220"}],"wp:attachment":[{"href":"https:\/\/cafelavache.com\/en\/wp-json\/wp\/v2\/media?parent=13"}],"curies":[{"name":"wp","href":"https:\/\/api.w.org\/{rel}","templated":true}]}}