{"id":15,"date":"2024-11-06T21:00:48","date_gmt":"2024-11-06T21:00:48","guid":{"rendered":"https:\/\/test2.cafelavache.com\/startsida\/"},"modified":"2025-08-28T02:23:10","modified_gmt":"2025-08-28T02:23:10","slug":"startsida","status":"publish","type":"page","link":"https:\/\/cafelavache.com\/en\/","title":{"rendered":"Caf\u00e9 La Vache"},"content":{"rendered":"<div class=\"wp-block-group alignfull has-background-background-color has-background has-global-padding is-layout-constrained wp-container-core-group-is-layout-6fa30f3f wp-block-group-is-layout-constrained\" style=\"margin-top:0;margin-bottom:0;padding-top:0;padding-right:0;padding-bottom:0;padding-left:0\">\n<div class=\"wp-block-cover alignfull\" style=\"padding-right:var(--wp--preset--spacing--40);padding-left:var(--wp--preset--spacing--40);min-height:60vh;aspect-ratio:unset;\"><img loading=\"lazy\" decoding=\"async\" width=\"1293\" height=\"694\" class=\"wp-block-cover__image-background wp-image-28\" alt=\"\" src=\"https:\/\/cafelavache.com\/wp-content\/uploads\/2024\/11\/inside3.png\" data-object-fit=\"cover\" srcset=\"https:\/\/cafelavache.com\/wp-content\/uploads\/2024\/11\/inside3.png 1293w, https:\/\/cafelavache.com\/wp-content\/uploads\/2024\/11\/inside3-300x161.png 300w, https:\/\/cafelavache.com\/wp-content\/uploads\/2024\/11\/inside3-1024x550.png 1024w, https:\/\/cafelavache.com\/wp-content\/uploads\/2024\/11\/inside3-768x412.png 768w\" sizes=\"auto, (max-width: 1293px) 100vw, 1293px\" \/><span aria-hidden=\"true\" class=\"wp-block-cover__background has-black-background-color has-background-dim-60 has-background-dim\"><\/span><div class=\"wp-block-cover__inner-container is-layout-flow wp-block-cover-is-layout-flow\">\n<div class=\"wp-block-group has-global-padding is-layout-constrained wp-block-group-is-layout-constrained\" style=\"padding-top:var(--wp--preset--spacing--80);padding-bottom:var(--wp--preset--spacing--80)\">\n<h4 class=\"wp-block-heading has-text-align-center has-white-color has-text-color has-small-font-size\">Welcome to Caf\u00e9 La Vache<\/h4>\n\n\n\n<h1 class=\"wp-block-heading alignwide has-text-align-center has-white-color has-text-color\" style=\"margin-top:12px\">Experience flavors beyond the ordinary<\/h1>\n\n\n\n<div class=\"wp-block-buttons is-content-justification-center is-layout-flex wp-container-core-buttons-is-layout-6e21085f wp-block-buttons-is-layout-flex\" style=\"margin-top:var(--wp--preset--spacing--40)\"><\/div>\n<\/div>\n<\/div><\/div>\n<\/div>\n\n\n\n<div class=\"wp-block-group alignfull has-tertiary-background-color has-background has-global-padding is-layout-constrained wp-container-core-group-is-layout-7276a2bb wp-block-group-is-layout-constrained\" id=\"om\" style=\"margin-top:0;margin-bottom:0;padding-top:var(--wp--preset--spacing--60);padding-right:var(--wp--preset--spacing--30);padding-bottom:var(--wp--preset--spacing--60);padding-left:var(--wp--preset--spacing--30)\">\n<div class=\"wp-block-columns alignwide are-vertically-aligned-center is-layout-flex wp-container-core-columns-is-layout-47c06fe3 wp-block-columns-is-layout-flex\">\n<div class=\"wp-block-column is-vertically-aligned-center is-layout-flow wp-block-column-is-layout-flow\" style=\"flex-basis:60%\">\n<h2 class=\"wp-block-heading has-text-align-left has-large-font-size\">Enjoy a relaxing coffee break at Caf\u00e9 La Vache<\/h2>\n\n\n\n<p style=\"margin-top:16px\">Welcome to Caf\u00e9 La Vache, an inviting place in the heart of Lule\u00e5. We are known for our unique taste experiences and the highest quality coffee. Our cozy atmosphere makes every visit special and relaxing.<\/p>\n\n\n\n<div class=\"wp-block-group has-global-padding is-layout-constrained wp-block-group-is-layout-constrained\">\n<blockquote class=\"wp-block-quote is-layout-flow wp-block-quote-is-layout-flow\">\n<h3 class=\"wp-block-heading\">Menu at Kungsgatan 24b<\/h3>\n\n\n\n<p>SALAD \u2013 incl. butter &amp; bread, dressing <\/p>\n\n\n\n<ul class=\"wp-block-list\">\n<li>Chevr\u00e9 &amp; Beetroot (honey &amp; walnuts)<\/li>\n\n\n\n<li>Avocado &amp; Feta Cheese <\/li>\n\n\n\n<li>Chicken<\/li>\n\n\n\n<li>Shrimp <\/li>\n<\/ul>\n\n\n\n<p>POK\u00c8 Bowl's - ink dressing <\/p>\n\n\n\n<ul class=\"wp-block-list\">\n<li>Chicken &amp; Roasted Onions <\/li>\n\n\n\n<li>Avocado &amp; Cashews <\/li>\n\n\n\n<li>Misi-garbed salmon <\/li>\n\n\n\n<li>Shrimp <\/li>\n<\/ul>\n\n\n\n<p>Contact us for today's lunch, today's pasta or our soup. <\/p>\n\n\n\n<p>Everything can be taken as take away, book via info@cafelavache.com or call us at 070-055 24 24 <\/p>\n<\/blockquote>\n<\/div>\n<\/div>\n\n\n\n<div class=\"wp-block-column is-vertically-aligned-center is-layout-flow wp-container-core-column-is-layout-f5bb311e wp-block-column-is-layout-flow\" style=\"flex-basis:50%\">\n<figure class=\"wp-block-image size-full is-resized\"><img loading=\"lazy\" decoding=\"async\" width=\"300\" height=\"450\" src=\"https:\/\/cafelavache.com\/wp-content\/uploads\/2025\/08\/Kaffe-la-vache-1.jpg\" alt=\"\" class=\"wp-image-201\" style=\"width:548px;height:auto\" srcset=\"https:\/\/cafelavache.com\/wp-content\/uploads\/2025\/08\/Kaffe-la-vache-1.jpg 300w, https:\/\/cafelavache.com\/wp-content\/uploads\/2025\/08\/Kaffe-la-vache-1-200x300.jpg 200w\" sizes=\"auto, (max-width: 300px) 100vw, 300px\" \/><\/figure>\n<\/div>\n<\/div>\n<\/div>\n\n\n\n<div class=\"wp-block-group alignfull has-background-background-color has-background has-global-padding is-layout-constrained wp-container-core-group-is-layout-68d5e5bb wp-block-group-is-layout-constrained\" id=\"funktioner\" style=\"margin-top:0;margin-bottom:0;padding-top:var(--wp--preset--spacing--50);padding-right:var(--wp--preset--spacing--30);padding-bottom:var(--wp--preset--spacing--60);padding-left:var(--wp--preset--spacing--30)\">\n<div class=\"wp-block-columns alignwide is-layout-flex wp-container-core-columns-is-layout-47c06fe3 wp-block-columns-is-layout-flex\">\n<div class=\"wp-block-column is-layout-flow wp-block-column-is-layout-flow\">\n<h2 class=\"wp-block-heading has-large-font-size\">Why choose Caf\u00e9 La Vache<\/h2>\n\n\n\n<p style=\"margin-top:16px\">We offer a wide range of delicious pastries and high-quality coffee to tempt your taste buds.<\/p>\n<\/div>\n\n\n\n<div class=\"wp-block-column is-layout-flow wp-block-column-is-layout-flow\">\n<div class=\"wp-block-group has-global-padding is-layout-constrained wp-block-group-is-layout-constrained\">\n<h3 class=\"wp-block-heading\" style=\"margin-top:16px;font-size:clamp(14px, 0.875rem + ((1vw - 3.2px) * 0.625), 20px);line-height:1.5\">Delicate pastries<\/h3>\n\n\n\n<p class=\"has-small-font-size\" style=\"margin-top:8px\">Our pastry chefs create delicate pastries with the finest ingredients - a taste experience that makes every visit memorable.<\/p>\n<\/div>\n\n\n\n<div class=\"wp-block-group has-global-padding is-layout-constrained wp-block-group-is-layout-constrained\">\n<h3 class=\"wp-block-heading\" style=\"margin-top:16px;font-size:clamp(14px, 0.875rem + ((1vw - 3.2px) * 0.625), 20px);line-height:1.5\">Cozy atmosphere<\/h3>\n\n\n\n<p class=\"has-small-font-size\" style=\"margin-top:8px\">Cozy atmosphere to enjoy your coffee in complete relaxation.<\/p>\n<\/div>\n\n\n\n<div class=\"wp-block-group has-global-padding is-layout-constrained wp-block-group-is-layout-constrained\">\n<h3 class=\"wp-block-heading\" style=\"margin-top:16px;font-size:clamp(14px, 0.875rem + ((1vw - 3.2px) * 0.625), 20px);line-height:1.5\">Welcome to Caf\u00e9 La Vache<\/h3>\n\n\n\n<p class=\"has-small-font-size\" style=\"margin-top:8px\">Caf\u00e9 La Vache \u2013 Lule\u00e5's pearl for delicious pastries and first-class coffee in a cozy environment.<\/p>\n<\/div>\n<\/div>\n\n\n\n<div class=\"wp-block-column is-layout-flow wp-block-column-is-layout-flow\">\n<div class=\"wp-block-group has-global-padding is-layout-constrained wp-block-group-is-layout-constrained\">\n<h3 class=\"wp-block-heading\" style=\"margin-top:16px;font-size:clamp(14px, 0.875rem + ((1vw - 3.2px) * 0.625), 20px);line-height:1.5\">First-class coffee<\/h3>\n\n\n\n<p class=\"has-small-font-size\" style=\"margin-top:8px\">Our caf\u00e9 prides itself on serving first-class coffee, carefully brewed by our passionate baristas.<\/p>\n<\/div>\n\n\n\n<div class=\"wp-block-group has-global-padding is-layout-constrained wp-block-group-is-layout-constrained\">\n<h3 class=\"wp-block-heading\" style=\"margin-top:16px;font-size:clamp(14px, 0.875rem + ((1vw - 3.2px) * 0.625), 20px);line-height:1.5\">Community, ideas and culture<\/h3>\n\n\n\n<p class=\"has-small-font-size\" style=\"margin-top:8px\">Caf\u00e9 La Vache \u2013 where community, ideas and culture meet.<\/p>\n<\/div>\n<\/div>\n<\/div>\n<\/div>\n\n\n\n<div class=\"wp-block-group alignfull has-tertiary-background-color has-background has-global-padding is-layout-constrained wp-container-core-group-is-layout-7276a2bb wp-block-group-is-layout-constrained\" id=\"kontakt\" style=\"margin-top:0;margin-bottom:0;padding-top:var(--wp--preset--spacing--60);padding-right:var(--wp--preset--spacing--30);padding-bottom:var(--wp--preset--spacing--60);padding-left:var(--wp--preset--spacing--30)\">\n<div class=\"wp-block-columns alignwide is-layout-flex wp-container-core-columns-is-layout-fa584acd wp-block-columns-is-layout-flex\">\n<div class=\"wp-block-column is-layout-flow wp-block-column-is-layout-flow\" style=\"flex-basis:50%\">\n<div class=\"wp-block-group is-layout-flow wp-block-group-is-layout-flow\">\n<h4 class=\"wp-block-heading has-medium-font-size\">What are your opening hours?<\/h4>\n\n\n\n<p class=\"has-small-font-size\" style=\"margin-top:12px\">We are open Monday to Friday from 9:00 AM to 5:00 PM and Saturday to Sunday from 11:00 AM to 4:00 PM.<\/p>\n<\/div>\n\n\n\n<hr class=\"wp-block-separator has-css-opacity has-text-color has-tertiary-color has-alpha-channel-opacity has-background-background-color has-background is-style-wide\"\/>\n\n\n\n<div class=\"wp-block-group is-layout-flow wp-block-group-is-layout-flow\">\n<h4 class=\"wp-block-heading has-medium-font-size\">Do you have vegetarian options?<\/h4>\n\n\n\n<p class=\"has-small-font-size\" style=\"margin-top:12px\">Yes, our menu includes several vegetarian dishes.<\/p>\n<\/div>\n\n\n\n<hr class=\"wp-block-separator has-css-opacity has-text-color has-tertiary-color has-alpha-channel-opacity has-background-background-color has-background is-style-wide\"\/>\n\n\n\n<div class=\"wp-block-group is-layout-flow wp-block-group-is-layout-flow\">\n<h4 class=\"wp-block-heading has-medium-font-size\">Do you offer bookings for events?<\/h4>\n\n\n\n<p class=\"has-small-font-size\" style=\"margin-top:12px\">Yes, we accept bookings for events. Please contact us for details and booking.<\/p>\n<\/div>\n<\/div>\n\n\n\n<div class=\"wp-block-column is-layout-flow wp-block-column-is-layout-flow\" style=\"flex-basis:50%\">\n<h2 class=\"wp-block-heading has-large-font-size\">Find and contact us at Caf\u00e9 La Vache<\/h2>\n\n\n\n<p><strong>Kungsgatan 24B<\/strong>, <strong>972 31<\/strong><\/p>\n\n\n\n<p style=\"margin-top:0\"><strong>Lule\u00e5, Sverige<\/strong><\/p>\n\n\n\n<p class=\"has-small-font-size\" style=\"margin-top:8px\"><a href=\"https:\/\/www.google.com\/search?gs_ssp=eJzj4tVP1zc0TCu3jLcoKUwyYLRSNagwMTNPMzM1Mk4yTklOS0pMsTKoSDVKMkkyTjQ3NEqzBIoneokkJ6alKuQkKpQlJmcAGaU5qYeXAgBT-BfN&amp;q=cafe+la+vache+lule%C3%A5&amp;oq=cafe+la+vache+&amp;gs_lcrp=EgZjaHJvbWUqDQgBEC4YrwEYxwEYgAQyBggAEEUYOTINCAEQLhivARjHARiABDIICAIQABgWGB4yCAgDEAAYFhgeMggIBBAAGBYYHjIGCAUQRRg8MgYIBhBFGDwyBggHEEUYPNIBCDM2NjBqMGo3qAIAsAIA&amp;sourceid=chrome&amp;ie=UTF-8#\">070-055 24 24<\/a><\/p>\n\n\n\n<p class=\"has-small-font-size\" style=\"margin-top:8px\">info@cafelavache.com<\/p>\n<\/div>\n<\/div>\n<\/div>\n\n\n\n<p><\/p>","protected":false},"excerpt":{"rendered":"<p>Njut av en avkopplande fikastund p\u00e5 Caf\u00e9 La Vache V\u00e4lkommen till Caf\u00e9 La Vache, en inbjudande plats i hj\u00e4rtat av Lule\u00e5. Vi \u00e4r k\u00e4nda f\u00f6r v\u00e5ra unika smakupplevelser och kaffe av h\u00f6gsta kvalitet. V\u00e5r mysiga atmosf\u00e4r g\u00f6r varje bes\u00f6k speciellt och avkopplande. Meny p\u00e5 Kungsgatan 24b SALLAD &#8211; ink. sm\u00f6r &amp; br\u00f6d, dressing POK\u00c8 Bowl\u00b4s [&hellip;]<\/p>","protected":false},"author":1,"featured_media":0,"parent":0,"menu_order":0,"comment_status":"closed","ping_status":"closed","template":"no-title","meta":{"_monsterinsights_skip_tracking":false,"_monsterinsights_sitenote_active":false,"_monsterinsights_sitenote_note":"","_monsterinsights_sitenote_category":0,"footnotes":""},"class_list":["post-15","page","type-page","status-publish","hentry"],"aioseo_notices":[],"_links":{"self":[{"href":"https:\/\/cafelavache.com\/en\/wp-json\/wp\/v2\/pages\/15","targetHints":{"allow":["GET"]}}],"collection":[{"href":"https:\/\/cafelavache.com\/en\/wp-json\/wp\/v2\/pages"}],"about":[{"href":"https:\/\/cafelavache.com\/en\/wp-json\/wp\/v2\/types\/page"}],"author":[{"embeddable":true,"href":"https:\/\/cafelavache.com\/en\/wp-json\/wp\/v2\/users\/1"}],"replies":[{"embeddable":true,"href":"https:\/\/cafelavache.com\/en\/wp-json\/wp\/v2\/comments?post=15"}],"version-history":[{"count":13,"href":"https:\/\/cafelavache.com\/en\/wp-json\/wp\/v2\/pages\/15\/revisions"}],"predecessor-version":[{"id":203,"href":"https:\/\/cafelavache.com\/en\/wp-json\/wp\/v2\/pages\/15\/revisions\/203"}],"wp:attachment":[{"href":"https:\/\/cafelavache.com\/en\/wp-json\/wp\/v2\/media?parent=15"}],"curies":[{"name":"wp","href":"https:\/\/api.w.org\/{rel}","templated":true}]}}